{"id":4581,"date":"2018-05-08T17:59:58","date_gmt":"2018-05-08T15:59:58","guid":{"rendered":"http:\/\/www.alcarugio.com\/?page_id=4581"},"modified":"2018-05-08T17:59:58","modified_gmt":"2018-05-08T15:59:58","slug":"note-legali","status":"publish","type":"page","link":"https:\/\/www.alcarugio.it\/en\/note-legali\/","title":{"rendered":"Note Legali"},"content":{"rendered":"<p>L\u2019utente \u00e8 autorizzato a utilizzare la documentazione disponibile in questo sito, a condizione che (1) la comunicazione di copyright di cui infra sia presente in tutte le copie e che sia accompagnata dalla presente autorizzazione, (2) l\u2019uso di tale documentazione sia inteso solo a scopo informativo e non commerciale o per uso personale e che la suddetta documentazione non sia copiata o distribuita su alcun computer di rete o trasmessa tramite alcun canale di comunicazione e infine (3) non vengano apportate modifiche ad alcuna parte della documentazione. L\u2019uso per qualsiasi altro scopo \u00e8 espressamente vietato dalla legge in vigore e pu\u00f2 comportare gravi sanzioni civili e penali. I trasgressori saranno perseguiti nella misura massima consentita dalla legge in vigore.<\/p>\n<p>La documentazione sopra indicata non include la struttura o il layout del sito Web di Al Carugio o di qualsiasi altro sito sviluppato, concesso in licenza, controllato o di propriet\u00e0 di Al Carugio. Gli elementi costitutivi dei siti Web di Al Carugio sono tutelati da accordi commerciali, da leggi sui marchi registrati e sulla concorrenza sleale e da altre leggi e non possono essere copiati o imitati integralmente o parzialmente. Nessun logo, elemento grafico, suono o immagine tratto dal sito Web di Al Carugio pu\u00f2 essere copiata o ritrasmessa senza l\u2019espressa autorizzazione di Al Carugio.<\/p>\n<p>AL CARUGIO NON RILASCIA ALCUNA DICHIARAZIONE RELATIVAMENTE ALL\u2019ADEGUATEZZA DELLE INFORMAZIONI CONTENUTE NELLA DOCUMENTAZIONE E NELLA RELATIVA GRAFICA PUBBLICATI NEL PRESENTE SITO PER QUALSIASI SCOPO. LA DOCUMENTAZIONE E LA RELATIVA GRAFICA VENGONO FORNITE \u201cCOS\u00cc COME SONO\u201d SENZA GARANZIA DI ALCUN TIPO. CON LA PRESENTE AL CARUGIO NON RICONOSCE ALCUNA GARANZIA O CONDIZIONE RELATIVAMENTE ALLE PRESENTI INFORMAZIONI, INCLUSE TUTTE LE GARANZIE E CONDIZIONI IMPLICITE DI COMMERCIABILIT\u00c0, IDONEIT\u00c0 PER UN FINE PARTICOLARE, TITOLARIT\u00c0 E NON VIOLAZIONE DEI DIRITTI ALTRUI. IN NESSUN CASO AL CARUGIO SAR\u00c0 RESPONSABILE PER DANNI SPECIALI, INDIRETTI O CONSEQUENZIALI O PER ALTRI DANNI DI QUALSIASI TIPO RISULTANTI DA PERDITA DEL DIRITTO D\u2019USO, PERDITA DI INFORMAZIONI O MANCATO GUADAGNO, SIANO ESSI RISULTANTI DALL\u2019ADEMPIMENTO DEL CONTRATTO, DA NEGLIGENZA O DA ALTRE AZIONI LESIVE, DERIVANTI DA O IN QUALSIASI MODO CONNESSI ALL\u2019UTILIZZO O ALLE PRESTAZIONI DELLE INFORMAZIONI DISPONIBILI SUL PRESENTE SITO.<br \/>\nLA DOCUMENTAZIONE E LA RELATIVA GRAFICA PUBBLICATE SU QUESTO SITO POSSONO INCLUDERE INACCURATEZZE TECNICHE O ERRORI TIPOGRAFICI. LE SUDDETTE INFORMAZIONI SONO SOGGETTE A MODIFICHE PERIODICHE. AL CARUGIO PU\u00d2 APPORTARE MIGLIORAMENTI O MODIFICHE AI PRODOTTI E\/O AI PROGRAMMI DESCRITTI NEL PRESENTE CONTRATTO IN QUALUNQUE MOMENTO.<br \/>\nCOMUNICAZIONI RELATIVE ALLA DOCUMENTAZIONE E AI SERVIZI DISPONIBILI IN QUESTO SITO WEB IN NESSUN CASO AL CARUGIO SAR\u00c0 RESPONSABILE PER DANNI SPECIALI, INDIRETTI O CONSEQUENZIALI O PER ALTRI DANNI DI QUALSIASI TIPO RISULTANTI DA PERDITA DEL DIRITTO D\u2019USO, PERDITA DI INFORMAZIONI O MANCATO GUADAGNO, SIANO ESSI RISULTANTI DALL\u2019ADEMPIMENTO DEL CONTRATTO, DA NEGLIGENZA O DA ALTRE AZIONI LESIVE, DERIVANTI DA O IN QUALSIASI MODO CONNESSI ALL\u2019UTILIZZO DELLA DOCUMENTAZIONE O ALL\u2019ERRATA O MANCATA FORNITURA DEI SERVIZI O DELLE INFORMAZIONI DISPONIBILI SUL PRESENTE SERVER.<\/p>\n<p>COMUNICAZIONE DI COPYRIGHT. \u00a92018 Al Carugio<\/p>\n<p>MARCHI. Al Carugio e\/o altri nomi di prodotti Al Carugio menzionati nel presente documento sono marchi o marchi registrati di Al Carugio. Altri nomi di prodotti e societ\u00e0 citati nel presente documento possono essere marchi dei rispettivi proprietari. Ogni riferimento a societ\u00e0, organizzazioni, prodotti, persone ed eventi utilizzati negli esempi \u00e8 puramente casuale.<\/p>\n<p>Tutti i diritti non espressamente concessi dal presente Contratto sono riservati.<\/p>\n<p>Per eventuali domande o problemi, inviare un messaggio di posta elettronica all\u2019indirizzo: <a href=\"mailto:info@alcarugio.com\">info@alcarugio.com<\/a><\/p>\n","protected":false},"excerpt":{"rendered":"<p>L\u2019utente \u00e8 autorizzato a utilizzare la documentazione disponibile in questo sito, a condizione che (1) la comunicazione di copyright di cui infra sia presente in tutte le copie e che sia accompagnata dalla presente autorizzazione, (2) l\u2019uso di tale documentazione sia inteso solo a scopo informativo e non commerciale o per uso personale e che [&hellip;]<\/p>\n","protected":false},"author":1,"featured_media":0,"parent":0,"menu_order":0,"comment_status":"closed","ping_status":"closed","template":"","meta":{"footnotes":""},"class_list":["post-4581","page","type-page","status-publish","hentry"],"aioseo_notices":[],"_links":{"self":[{"href":"https:\/\/www.alcarugio.it\/en\/wp-json\/wp\/v2\/pages\/4581"}],"collection":[{"href":"https:\/\/www.alcarugio.it\/en\/wp-json\/wp\/v2\/pages"}],"about":[{"href":"https:\/\/www.alcarugio.it\/en\/wp-json\/wp\/v2\/types\/page"}],"author":[{"embeddable":true,"href":"https:\/\/www.alcarugio.it\/en\/wp-json\/wp\/v2\/users\/1"}],"replies":[{"embeddable":true,"href":"https:\/\/www.alcarugio.it\/en\/wp-json\/wp\/v2\/comments?post=4581"}],"version-history":[{"count":1,"href":"https:\/\/www.alcarugio.it\/en\/wp-json\/wp\/v2\/pages\/4581\/revisions"}],"predecessor-version":[{"id":4582,"href":"https:\/\/www.alcarugio.it\/en\/wp-json\/wp\/v2\/pages\/4581\/revisions\/4582"}],"wp:attachment":[{"href":"https:\/\/www.alcarugio.it\/en\/wp-json\/wp\/v2\/media?parent=4581"}],"curies":[{"name":"wp","href":"https:\/\/api.w.org\/{rel}","templated":true}]}}